{"id":4101,"date":"2022-10-05T11:09:22","date_gmt":"2022-10-05T09:09:22","guid":{"rendered":"https:\/\/jeandenantstudio.com\/?post_type=product&#038;p=4101"},"modified":"2023-01-30T16:00:54","modified_gmt":"2023-01-30T15:00:54","slug":"serigraphie-2","status":"publish","type":"product","link":"https:\/\/jeandenantstudio.com\/index.php\/produit\/serigraphie-2\/","title":{"rendered":"Travailleurs C\u00e9lestes  IV"},"content":{"rendered":"","protected":false},"excerpt":{"rendered":"<p>Serigraphie sur papier, 2018<\/p>\n<p>Edition : xylogravure\u00a0<span class=\"measure cm \">49.5 x 66 cm<\/span><\/p>\n<p>La matrice en bois utilis\u00e9e est l\u2019\u00e9tablit de travail de l&rsquo;artiste Jean Denant, depuis des ann\u00e9es. Il l\u2019a d\u00e9coup\u00e9 pour pouvoir imprimer les traces du temps, telle une constellations d\u2019\u00e9toiles. Le tirage a ensuite \u00e9t\u00e9 r\u00e9alis\u00e9 sur la presse typographique FAG Swiss Proof 52 no 06.02.029. format du papier : 49 \u00d7 67 cm format de la matrice : 50 \u00d7 70 cm num\u00e9rot\u00e9s de 1\/60 \u00e0 60\/60 imprim\u00e9 sur papier artisanal du Moulin de Brousses marqu\u00e9e du sceau de l\u2019atelier.<\/p>\n","protected":false},"featured_media":3840,"comment_status":"open","ping_status":"closed","template":"","format":"standard","meta":[],"product_brand":[],"product_cat":[48],"product_tag":[],"class_list":{"0":"post-4101","1":"product","2":"type-product","3":"status-publish","4":"format-standard","5":"has-post-thumbnail","7":"product_cat-serigraphie","9":"first","10":"outofstock","11":"taxable","12":"shipping-taxable","13":"purchasable","14":"product-type-simple"},"yoast_head":"<!-- This site is optimized with the Yoast SEO plugin v26.7 - https:\/\/yoast.com\/wordpress\/plugins\/seo\/ -->\n<title>Travailleurs C\u00e9lestes IV - Jean Denant Studio<\/title>\n<meta name=\"robots\" content=\"index, follow, max-snippet:-1, max-image-preview:large, max-video-preview:-1\" \/>\n<link rel=\"canonical\" href=\"https:\/\/jeandenantstudio.com\/index.php\/produit\/serigraphie-2\/\" \/>\n<meta property=\"og:locale\" content=\"fr_FR\" \/>\n<meta property=\"og:type\" content=\"article\" \/>\n<meta property=\"og:title\" content=\"Travailleurs C\u00e9lestes IV - Jean Denant Studio\" \/>\n<meta property=\"og:description\" content=\"Serigraphie sur papier, 2018  Edition : xylogravure\u00a049.5 x 66 cm  La matrice en bois utilis\u00e9e est l\u2019\u00e9tablit de travail de l&#039;artiste Jean Denant, depuis des ann\u00e9es. Il l\u2019a d\u00e9coup\u00e9 pour pouvoir imprimer les traces du temps, telle une constellations d\u2019\u00e9toiles. Le tirage a ensuite \u00e9t\u00e9 r\u00e9alis\u00e9 sur la presse typographique FAG Swiss Proof 52 no 06.02.029. format du papier : 49 \u00d7 67 cm format de la matrice : 50 \u00d7 70 cm num\u00e9rot\u00e9s de 1\/60 \u00e0 60\/60 imprim\u00e9 sur papier artisanal du Moulin de Brousses marqu\u00e9e du sceau de l\u2019atelier.\" \/>\n<meta property=\"og:url\" content=\"https:\/\/jeandenantstudio.com\/index.php\/produit\/serigraphie-2\/\" \/>\n<meta property=\"og:site_name\" content=\"Jean Denant Studio\" \/>\n<meta property=\"article:modified_time\" content=\"2023-01-30T15:00:54+00:00\" \/>\n<meta property=\"og:image\" content=\"https:\/\/jeandenantstudio.com\/wp-content\/uploads\/2022\/09\/IMG_4250-scaled.jpeg\" \/>\n\t<meta property=\"og:image:width\" content=\"2560\" \/>\n\t<meta property=\"og:image:height\" content=\"1920\" \/>\n\t<meta property=\"og:image:type\" content=\"image\/jpeg\" \/>\n<meta name=\"twitter:card\" content=\"summary_large_image\" \/>\n<script type=\"application\/ld+json\" class=\"yoast-schema-graph\">{\"@context\":\"https:\/\/schema.org\",\"@graph\":[{\"@type\":\"WebPage\",\"@id\":\"https:\/\/jeandenantstudio.com\/index.php\/produit\/serigraphie-2\/\",\"url\":\"https:\/\/jeandenantstudio.com\/index.php\/produit\/serigraphie-2\/\",\"name\":\"Travailleurs C\u00e9lestes IV - Jean Denant Studio\",\"isPartOf\":{\"@id\":\"https:\/\/jeandenantstudio.com\/#website\"},\"primaryImageOfPage\":{\"@id\":\"https:\/\/jeandenantstudio.com\/index.php\/produit\/serigraphie-2\/#primaryimage\"},\"image\":{\"@id\":\"https:\/\/jeandenantstudio.com\/index.php\/produit\/serigraphie-2\/#primaryimage\"},\"thumbnailUrl\":\"https:\/\/jeandenantstudio.com\/wp-content\/uploads\/2022\/09\/IMG_4250-scaled.jpeg\",\"datePublished\":\"2022-10-05T09:09:22+00:00\",\"dateModified\":\"2023-01-30T15:00:54+00:00\",\"breadcrumb\":{\"@id\":\"https:\/\/jeandenantstudio.com\/index.php\/produit\/serigraphie-2\/#breadcrumb\"},\"inLanguage\":\"fr-FR\",\"potentialAction\":[{\"@type\":\"ReadAction\",\"target\":[\"https:\/\/jeandenantstudio.com\/index.php\/produit\/serigraphie-2\/\"]}]},{\"@type\":\"ImageObject\",\"inLanguage\":\"fr-FR\",\"@id\":\"https:\/\/jeandenantstudio.com\/index.php\/produit\/serigraphie-2\/#primaryimage\",\"url\":\"https:\/\/jeandenantstudio.com\/wp-content\/uploads\/2022\/09\/IMG_4250-scaled.jpeg\",\"contentUrl\":\"https:\/\/jeandenantstudio.com\/wp-content\/uploads\/2022\/09\/IMG_4250-scaled.jpeg\",\"width\":2560,\"height\":1920},{\"@type\":\"BreadcrumbList\",\"@id\":\"https:\/\/jeandenantstudio.com\/index.php\/produit\/serigraphie-2\/#breadcrumb\",\"itemListElement\":[{\"@type\":\"ListItem\",\"position\":1,\"name\":\"Accueil\",\"item\":\"https:\/\/jeandenantstudio.com\/\"},{\"@type\":\"ListItem\",\"position\":2,\"name\":\"SHOP\",\"item\":\"https:\/\/jeandenantstudio.com\/index.php\/shop\/\"},{\"@type\":\"ListItem\",\"position\":3,\"name\":\"Travailleurs C\u00e9lestes IV\"}]},{\"@type\":\"WebSite\",\"@id\":\"https:\/\/jeandenantstudio.com\/#website\",\"url\":\"https:\/\/jeandenantstudio.com\/\",\"name\":\"Jean Denant Studio\",\"description\":\"Site officiel. Artiste multidisciplinaire qui navigue entre peinture, design, architecture, et sculpture.\",\"publisher\":{\"@id\":\"https:\/\/jeandenantstudio.com\/#\/schema\/person\/cadeb85b41c70f4731c0b07d841fba10\"},\"potentialAction\":[{\"@type\":\"SearchAction\",\"target\":{\"@type\":\"EntryPoint\",\"urlTemplate\":\"https:\/\/jeandenantstudio.com\/?s={search_term_string}\"},\"query-input\":{\"@type\":\"PropertyValueSpecification\",\"valueRequired\":true,\"valueName\":\"search_term_string\"}}],\"inLanguage\":\"fr-FR\"},{\"@type\":[\"Person\",\"Organization\"],\"@id\":\"https:\/\/jeandenantstudio.com\/#\/schema\/person\/cadeb85b41c70f4731c0b07d841fba10\",\"name\":\"Jean Denant\",\"image\":{\"@type\":\"ImageObject\",\"inLanguage\":\"fr-FR\",\"@id\":\"https:\/\/jeandenantstudio.com\/#\/schema\/person\/image\/\",\"url\":\"https:\/\/jeandenantstudio.com\/wp-content\/uploads\/2022\/09\/SANS-TITRE-scaled.jpeg\",\"contentUrl\":\"https:\/\/jeandenantstudio.com\/wp-content\/uploads\/2022\/09\/SANS-TITRE-scaled.jpeg\",\"width\":2560,\"height\":1920,\"caption\":\"Jean Denant\"},\"logo\":{\"@id\":\"https:\/\/jeandenantstudio.com\/#\/schema\/person\/image\/\"},\"sameAs\":[\"http:\/\/jeandenantstudio.com\",\"https:\/\/www.instagram.com\/jeandenantstudio\/?hl=fr\"]}]}<\/script>\n<!-- \/ Yoast SEO plugin. -->","yoast_head_json":{"title":"Travailleurs C\u00e9lestes IV - Jean Denant Studio","robots":{"index":"index","follow":"follow","max-snippet":"max-snippet:-1","max-image-preview":"max-image-preview:large","max-video-preview":"max-video-preview:-1"},"canonical":"https:\/\/jeandenantstudio.com\/index.php\/produit\/serigraphie-2\/","og_locale":"fr_FR","og_type":"article","og_title":"Travailleurs C\u00e9lestes IV - Jean Denant Studio","og_description":"Serigraphie sur papier, 2018  Edition : xylogravure\u00a049.5 x 66 cm  La matrice en bois utilis\u00e9e est l\u2019\u00e9tablit de travail de l'artiste Jean Denant, depuis des ann\u00e9es. Il l\u2019a d\u00e9coup\u00e9 pour pouvoir imprimer les traces du temps, telle une constellations d\u2019\u00e9toiles. Le tirage a ensuite \u00e9t\u00e9 r\u00e9alis\u00e9 sur la presse typographique FAG Swiss Proof 52 no 06.02.029. format du papier : 49 \u00d7 67 cm format de la matrice : 50 \u00d7 70 cm num\u00e9rot\u00e9s de 1\/60 \u00e0 60\/60 imprim\u00e9 sur papier artisanal du Moulin de Brousses marqu\u00e9e du sceau de l\u2019atelier.","og_url":"https:\/\/jeandenantstudio.com\/index.php\/produit\/serigraphie-2\/","og_site_name":"Jean Denant Studio","article_modified_time":"2023-01-30T15:00:54+00:00","og_image":[{"width":2560,"height":1920,"url":"https:\/\/jeandenantstudio.com\/wp-content\/uploads\/2022\/09\/IMG_4250-scaled.jpeg","type":"image\/jpeg"}],"twitter_card":"summary_large_image","schema":{"@context":"https:\/\/schema.org","@graph":[{"@type":"WebPage","@id":"https:\/\/jeandenantstudio.com\/index.php\/produit\/serigraphie-2\/","url":"https:\/\/jeandenantstudio.com\/index.php\/produit\/serigraphie-2\/","name":"Travailleurs C\u00e9lestes IV - Jean Denant Studio","isPartOf":{"@id":"https:\/\/jeandenantstudio.com\/#website"},"primaryImageOfPage":{"@id":"https:\/\/jeandenantstudio.com\/index.php\/produit\/serigraphie-2\/#primaryimage"},"image":{"@id":"https:\/\/jeandenantstudio.com\/index.php\/produit\/serigraphie-2\/#primaryimage"},"thumbnailUrl":"https:\/\/jeandenantstudio.com\/wp-content\/uploads\/2022\/09\/IMG_4250-scaled.jpeg","datePublished":"2022-10-05T09:09:22+00:00","dateModified":"2023-01-30T15:00:54+00:00","breadcrumb":{"@id":"https:\/\/jeandenantstudio.com\/index.php\/produit\/serigraphie-2\/#breadcrumb"},"inLanguage":"fr-FR","potentialAction":[{"@type":"ReadAction","target":["https:\/\/jeandenantstudio.com\/index.php\/produit\/serigraphie-2\/"]}]},{"@type":"ImageObject","inLanguage":"fr-FR","@id":"https:\/\/jeandenantstudio.com\/index.php\/produit\/serigraphie-2\/#primaryimage","url":"https:\/\/jeandenantstudio.com\/wp-content\/uploads\/2022\/09\/IMG_4250-scaled.jpeg","contentUrl":"https:\/\/jeandenantstudio.com\/wp-content\/uploads\/2022\/09\/IMG_4250-scaled.jpeg","width":2560,"height":1920},{"@type":"BreadcrumbList","@id":"https:\/\/jeandenantstudio.com\/index.php\/produit\/serigraphie-2\/#breadcrumb","itemListElement":[{"@type":"ListItem","position":1,"name":"Accueil","item":"https:\/\/jeandenantstudio.com\/"},{"@type":"ListItem","position":2,"name":"SHOP","item":"https:\/\/jeandenantstudio.com\/index.php\/shop\/"},{"@type":"ListItem","position":3,"name":"Travailleurs C\u00e9lestes IV"}]},{"@type":"WebSite","@id":"https:\/\/jeandenantstudio.com\/#website","url":"https:\/\/jeandenantstudio.com\/","name":"Jean Denant Studio","description":"Site officiel. Artiste multidisciplinaire qui navigue entre peinture, design, architecture, et sculpture.","publisher":{"@id":"https:\/\/jeandenantstudio.com\/#\/schema\/person\/cadeb85b41c70f4731c0b07d841fba10"},"potentialAction":[{"@type":"SearchAction","target":{"@type":"EntryPoint","urlTemplate":"https:\/\/jeandenantstudio.com\/?s={search_term_string}"},"query-input":{"@type":"PropertyValueSpecification","valueRequired":true,"valueName":"search_term_string"}}],"inLanguage":"fr-FR"},{"@type":["Person","Organization"],"@id":"https:\/\/jeandenantstudio.com\/#\/schema\/person\/cadeb85b41c70f4731c0b07d841fba10","name":"Jean Denant","image":{"@type":"ImageObject","inLanguage":"fr-FR","@id":"https:\/\/jeandenantstudio.com\/#\/schema\/person\/image\/","url":"https:\/\/jeandenantstudio.com\/wp-content\/uploads\/2022\/09\/SANS-TITRE-scaled.jpeg","contentUrl":"https:\/\/jeandenantstudio.com\/wp-content\/uploads\/2022\/09\/SANS-TITRE-scaled.jpeg","width":2560,"height":1920,"caption":"Jean Denant"},"logo":{"@id":"https:\/\/jeandenantstudio.com\/#\/schema\/person\/image\/"},"sameAs":["http:\/\/jeandenantstudio.com","https:\/\/www.instagram.com\/jeandenantstudio\/?hl=fr"]}]}},"jetpack_sharing_enabled":true,"_links":{"self":[{"href":"https:\/\/jeandenantstudio.com\/index.php\/wp-json\/wp\/v2\/product\/4101","targetHints":{"allow":["GET"]}}],"collection":[{"href":"https:\/\/jeandenantstudio.com\/index.php\/wp-json\/wp\/v2\/product"}],"about":[{"href":"https:\/\/jeandenantstudio.com\/index.php\/wp-json\/wp\/v2\/types\/product"}],"replies":[{"embeddable":true,"href":"https:\/\/jeandenantstudio.com\/index.php\/wp-json\/wp\/v2\/comments?post=4101"}],"wp:featuredmedia":[{"embeddable":true,"href":"https:\/\/jeandenantstudio.com\/index.php\/wp-json\/wp\/v2\/media\/3840"}],"wp:attachment":[{"href":"https:\/\/jeandenantstudio.com\/index.php\/wp-json\/wp\/v2\/media?parent=4101"}],"wp:term":[{"taxonomy":"product_brand","embeddable":true,"href":"https:\/\/jeandenantstudio.com\/index.php\/wp-json\/wp\/v2\/product_brand?post=4101"},{"taxonomy":"product_cat","embeddable":true,"href":"https:\/\/jeandenantstudio.com\/index.php\/wp-json\/wp\/v2\/product_cat?post=4101"},{"taxonomy":"product_tag","embeddable":true,"href":"https:\/\/jeandenantstudio.com\/index.php\/wp-json\/wp\/v2\/product_tag?post=4101"}],"curies":[{"name":"wp","href":"https:\/\/api.w.org\/{rel}","templated":true}]}}