{"id":4695,"date":"2025-10-17T20:49:57","date_gmt":"2025-10-17T18:49:57","guid":{"rendered":"https:\/\/jeandenantstudio.com\/?page_id=4695"},"modified":"2025-10-22T11:43:33","modified_gmt":"2025-10-22T09:43:33","slug":"test","status":"publish","type":"page","link":"https:\/\/jeandenantstudio.com\/index.php\/test\/","title":{"rendered":"MEDIA &#8211; PRESSE"},"content":{"rendered":"<p>[vc_row][vc_column][vc_column_text]<\/p>\n<h4 class=\"wp-block-heading\">OUVRAGES<\/h4>\n<p class=\"wp-block-heading\"><em><span style=\"color: #008000;\"><strong><cite class=\"italique\">\u00ab\u00a0JEAN DENANT\u00a0\u00bb<\/cite><\/strong><\/span>, Arles, Edition Analogues,\u00a0<time>2016<\/time>, 181\u00a0<abbr class=\"abbr\" title=\"pages\">p.<\/abbr>\u00a0<small>(<a title=\"International Standard Book Number\" href=\"https:\/\/fr.wikipedia.org\/wiki\/International_Standard_Book_Number\">ISBN<\/a>\u00a0<a title=\"Sp\u00e9cial:Ouvrages de r\u00e9f\u00e9rence\/978-2-35864-099-2\" href=\"https:\/\/fr.wikipedia.org\/wiki\/Sp%C3%A9cial:Ouvrages_de_r%C3%A9f%C3%A9rence\/978-2-35864-099-2\"><span class=\"nowrap\">978-2-35864-099-2<\/span><\/a>)<\/small><\/em><\/p>\n<p><em><span class=\"reference-text\"><span id=\"Denant2018\" class=\"ouvrage\"><span id=\"Jean_Denant2018\" class=\"ouvrage\"><strong><span style=\"color: #008000;\">\u00ab\u00a0<cite class=\"italique\">JEAN DENANT L&rsquo;AUTRE MER\u00a0\u00bb<\/cite><\/span><\/strong>, Tielt, Lannoo,\u00a0<time>2018<\/time>, 124\u00a0<abbr class=\"abbr\" title=\"pages\">p.<\/abbr>\u00a0<small>(<a title=\"International Standard Book Number\" href=\"https:\/\/fr.wikipedia.org\/wiki\/International_Standard_Book_Number\">ISBN<\/a>\u00a0<a title=\"Sp\u00e9cial:Ouvrages de r\u00e9f\u00e9rence\/9789401452571\" href=\"https:\/\/fr.wikipedia.org\/wiki\/Sp%C3%A9cial:Ouvrages_de_r%C3%A9f%C3%A9rence\/9789401452571\"><span class=\"nowrap\">9789401452571<\/span><\/a>)<\/small><\/span><\/span><\/span><\/em><\/p>\n<p>[\/vc_column_text][vc_column_text]<\/p>\n<h4 class=\"wp-block-heading\">PRESSE<\/h4>\n<ul>\n<li><span style=\"color: #33cccc;\"><a style=\"color: #33cccc;\" href=\"https:\/\/www.designboom.com\/art\/jean-denant-world-map\/\" target=\"_blank\" rel=\"noopener\"><strong>\u00a0Jean Denant : World map<\/strong><\/a><\/span><i>, <\/i><em>Design boom, 2012<\/em><\/li>\n<li><span class=\"reference-text\"><span id=\"Ranunkel2013\" class=\"ouvrage\"><span id=\"Georges_Ranunkel2013\" class=\"ouvrage\"><strong><span style=\"color: #33cccc;\"><a style=\"color: #33cccc;\" href=\"https:\/\/www.huffingtonpost.fr\/actualites\/article\/jean-denant-le-monde-en-chantiers_16533.html\" target=\"_blank\" rel=\"noopener\"><cite>Jean Denant, le monde en chantiers<\/cite><\/a><\/span><\/strong>, <em>Georges Ranunkel sur <span class=\"italique\">Huffington Post<\/span>,\u00a0<time class=\"nowrap\" datetime=\"2013-03-21\" data-sort-value=\"2013-03-21\">21 mars 2013<\/time><\/em><\/span><\/span><\/span><\/li>\n<li><span class=\"reference-text\"><span id=\"Chabaa2016\" class=\"ouvrage\"><span id=\"Qods_Chabaa2016\" class=\"ouvrage\"><span id=\"Gabay2014\" class=\"ouvrage\"><span id=\"Yves_Gabay2014\" class=\"ouvrage\"><a class=\"external text\" href=\"https:\/\/www.ladepeche.fr\/article\/2014\/06\/06\/1895447-jean-denant-a-lieu-commun-un-monde-en-construction.html\" target=\"_blank\" rel=\"nofollow noopener\"><cite><span style=\"color: #33cccc;\"><strong><em>Jean Denant \u00e0 Lieu-Commun\u00a0: un monde en construction<\/em><\/strong><\/span><\/cite><\/a>, <em>Yves Gabay sur <span class=\"italique\">La d\u00e9p\u00eache<\/span>,\u00a0<time class=\"nowrap\" datetime=\"2014-06-06\" data-sort-value=\"2014-06-06\">6 juin 2014<\/time><\/em><\/span><\/span><em>\u00a0<\/em><\/span><\/span><\/span><\/li>\n<li><span class=\"reference-text\"><span id=\"Chabaa2016\" class=\"ouvrage\"><span id=\"Qods_Chabaa2016\" class=\"ouvrage\"><a class=\"external text\" href=\"https:\/\/fr.le360.ma\/culture\/audio-jean-denant-dit-tout-a-propos-de-loeuvre-offerte-a-mohammed-vi-lors-de-la-cop22-96423\/\" target=\"_blank\" rel=\"nofollow noopener\"><cite><span style=\"color: #33cccc;\"><strong>\u00a0Jean Denant dit tout \u00e0 propos de l&rsquo;oeuvre offerte \u00e0 Mohammed VI lors de la COP22<\/strong><\/span><\/cite><\/a><small class=\"cachelinks\"> <\/small>, <em>Qods Chabaa\u00a0 sur <span class=\"italique\">Le 360<\/span>,\u00a0<time class=\"nowrap\" datetime=\"2016-11-21\" data-sort-value=\"2016-11-21\">21 novembre 2016<\/time><\/em><\/span><\/span><\/span><\/li>\n<li><span class=\"reference-text\"><span id=\"Sidiguitiebe2016\" class=\"ouvrage\"><span id=\"Christophe_Sidiguitiebe2016\" class=\"ouvrage\"><strong><span style=\"color: #33cccc;\"><em><a class=\"external text\" style=\"color: #33cccc;\" href=\"https:\/\/telquel.ma\/2016\/11\/16\/francois-hollande-presente-cadeau-mohammed-vi_1523845\" target=\"_blank\" rel=\"nofollow noopener\"><cite>Fran\u00e7ois Hollande pr\u00e9sente son cadeau a Mohammed VI<\/cite><\/a><\/em><\/span><small class=\"cachelinks\"> <\/small><\/strong><em>, Christophe Sidiguitiebe sur <span class=\"italique\">Telquel<\/span>,\u00a0<time class=\"nowrap\" datetime=\"2016-11-16\" data-sort-value=\"2016-11-16\">16 novembre 2016<\/time><\/em><\/span><\/span><\/span><\/li>\n<li><em><span class=\"reference-text\"><span id=\"des_arts\" class=\"ouvrage\"><span id=\"connaissance_des_arts\" class=\"ouvrage\"><a class=\"external text\" href=\"https:\/\/www.connaissancedesarts.com\/arts-expositions\/art-contemporain\/une-oeuvre-de-jean-denant-offerte-au-roi-du-maroc-comme-cadeau-diplomatique-1156942\/\" target=\"_blank\" rel=\"nofollow noopener\"><cite><span style=\"color: #33cccc;\"><strong>Une \u0153uvre de Jean Denant offerte au Roi du Maroc comme cadeau diplomatique<\/strong><\/span><\/cite><\/a><small class=\"cachelinks\"> <\/small>, Chirine Hammouch sur <span class=\"italique\">connaissance des arts<\/span> , <small><time class=\"nowrap\" datetime=\"2016-11-21\" data-sort-value=\"2016-11-21\">21 novembre 2016<\/time><\/small><\/span><\/span><\/span><\/em><\/li>\n<li><em><span class=\"reference-text\"><span class=\"ouvrage\"><a class=\"external text\" href=\"https:\/\/www.jeunecreation.org\/fiac-2017-artistes-jeune-creation\/\" target=\"_blank\" rel=\"nofollow noopener\"><cite><strong><span style=\"color: #33cccc;\">jeunecreation.org\/fiac-2017<\/span><\/strong><\/cite><\/a>, sur\u00a0<span class=\"italique\">FIAC 2017<\/span><\/span><\/span><\/em><\/li>\n<li><em><span class=\"reference-text\"><span class=\"ouvrage\"><span style=\"color: #33cccc;\"><strong><span id=\"Lavigne\" class=\"ouvrage\"><span id=\"Aude_Lavigne\" class=\"ouvrage\"><a class=\"external text\" style=\"color: #33cccc;\" href=\"https:\/\/www.radiofrance.fr\/franceculture\/podcasts\/les-carnets-de-la-creation\/jean-denant-sculpture-in-situ-8154280\" target=\"_blank\" rel=\"nofollow noopener\"><cite>S\u00e9rie \u00ab Les Carnets de la Cr\u00e9ation sur le terrain : S\u00e8te \u00bbJean Denant : sculpture in situ <\/cite><\/a><\/span><\/span><\/strong><\/span>, <span id=\"Lavigne\" class=\"ouvrage\"><span id=\"Aude_Lavigne\" class=\"ouvrage\">Aude Lavigne sur <span class=\"italique\">Radio Franc, <\/span><\/span><\/span><span class=\"italique\">FIAC 2017<\/span>\u00a0<\/span><\/span><\/em><\/li>\n<li><em><span class=\"reference-text\"><span id=\"2021\" class=\"ouvrage\"><a class=\"external text\" href=\"https:\/\/www.artistes-occitanie.fr\/2021\/02\/15\/a-toulouse-les-vingt-artistes-retenus-pour-la-troisieme-ligne-de-metro\/\" target=\"_blank\" rel=\"nofollow noopener\"><cite><span style=\"color: #33cccc;\"><strong>A Toulouse, les vingt artistes retenus pour la troisi\u00e8me ligne de m\u00e9tro<\/strong><\/span><\/cite><\/a><small class=\"cachelinks\"> <\/small>, sur\u00a0<span class=\"italique\">Artistes d&rsquo;occitanie<\/span>,\u00a0<time class=\"nowrap\" datetime=\"2021-02-15\" data-sort-value=\"2021-02-15\">15 f\u00e9vrier 2021<\/time><\/span><\/span><\/em><\/li>\n<li><em><span class=\"reference-text\"><span id=\"Blain2021\" class=\"ouvrage\"><span id=\"Fran\u00e7oise-Aline_Blain2021\" class=\"ouvrage\"><a class=\"external text\" href=\"https:\/\/www.lequotidiendelart.com\/articles\/19355-22.html\" target=\"_blank\" rel=\"nofollow noopener\"><cite><span style=\"color: #33cccc;\"><strong>Le nombre d\u2019\u0153uvres de la future ligne du m\u00e9tro toulousain<\/strong><\/span><\/cite><\/a><small class=\"cachelinks\"> <\/small>, Fran\u00e7oise-Aline Blain sur <span class=\"italique\">Le quotidien de l&rsquo;art<\/span>,\u00a0<time class=\"nowrap\" datetime=\"2021-03-14\" data-sort-value=\"2021-03-14\">14 mars 2021<\/time><\/span><\/span><\/span><\/em><\/li>\n<li><em><span class=\"reference-text\"><span id=\"Benech2021\" class=\"ouvrage\"><span id=\"Louis_Benech2021\" class=\"ouvrage\"><a class=\"external text\" href=\"https:\/\/www.fondationcarmignac.com\/fr\/jardins\/\" target=\"_blank\" rel=\"nofollow noopener\"><cite><strong><span style=\"color: #33cccc;\">Le jardin des sculptures<\/span><\/strong><\/cite><\/a><small class=\"cachelinks\"> <\/small>, Louis Benech sur <span class=\"italique\">Fondation Carmignac<\/span>,\u00a0<time>2021<\/time><\/span><\/span><\/span><\/em><\/li>\n<li><em><span class=\"reference-text\"><span id=\"Guilloteau2023\" class=\"ouvrage\"><span id=\"Victor_Guilloteau2023\" class=\"ouvrage\"><strong><span style=\"color: #33cccc;\">\u00a0<a class=\"external text\" style=\"color: #33cccc;\" href=\"https:\/\/www.midilibre.fr\/2023\/11\/24\/a-lentree-est-de-sete-le-pont-des-arts-devoile-son-habillage-en-miroir-11600408.php\" target=\"_blank\" rel=\"nofollow noopener\"><cite>\u00c0 l&rsquo;entr\u00e9e Est de S\u00e8te, le Pont des Arts d\u00e9voile son habillage en miroir<\/cite><\/a><small class=\"cachelinks\"> <\/small><\/span><\/strong>, <\/span><\/span><\/span><span class=\"reference-text\"><span id=\"Guilloteau2023\" class=\"ouvrage\"><span id=\"Victor_Guilloteau2023\" class=\"ouvrage\">Victor Guilloteau <\/span><\/span><\/span><span class=\"reference-text\"><span id=\"Guilloteau2023\" class=\"ouvrage\"><span id=\"Victor_Guilloteau2023\" class=\"ouvrage\">sur\u00a0<span class=\"italique\">Midi Libre<\/span>,\u00a0<time class=\"nowrap\" datetime=\"2023-11-24\" data-sort-value=\"2023-11-24\">24 novembre 2023<\/time><\/span><\/span><\/span><\/em><\/li>\n<li><em><span class=\"reference-text\"><span id=\"Le_Bihan_,_Faustine_Calmel2023\" class=\"ouvrage\"><span id=\"Eric_Le_Bihan_,_Faustine_Calmel2023\" class=\"ouvrage\"><a href=\"https:\/\/www.francebleu.fr\/infos\/culture-loisirs\/il-faut-sauver-la-mappemonde-ephemere-de-la-rue-fleuriau-a-la-rochelle-6664272\" target=\"_blank\" rel=\"noopener\"><cite><strong><span style=\"color: #33cccc;\">Il faut sauver la mappemonde \u00e9ph\u00e9m\u00e8re de la rue Fleuriau, \u00e0 La Rochelle<\/span> <\/strong><\/cite><\/a>, Eric Le Bihan , Faustine Calmel sur <span class=\"italique\">France bleu<\/span>,\u00a0<time class=\"nowrap\" datetime=\"2023-04-11\" data-sort-value=\"2023-04-11\">11 avril 2023<\/time><\/span><\/span><\/span><\/em><\/li>\n<li><em><span class=\"reference-text\"><span id=\"Blanchot2023\" class=\"ouvrage\"><span id=\"Am\u00e9lia_Blanchot2023\" class=\"ouvrage\"><a class=\"external text\" href=\"https:\/\/www.leparisien.fr\/charente-maritime-17\/art-urbain-la-mappemonde-gravee-dans-un-mur-de-la-rochelle-va-finalement-etre-effacee-13-06-2023-HIINZLXEYRDAPBZKGJDUSOMKYQ.php\" target=\"_blank\" rel=\"nofollow noopener\"><cite><strong><span style=\"color: #33cccc;\">Art urbain : la mappemonde grav\u00e9e dans un mur de La Rochelle va finalement \u00eatre effac\u00e9e<\/span><\/strong><\/cite><\/a> , Am\u00e9lia Blanchot sur <span class=\"italique\">Le Parisien<\/span>,\u00a0<time class=\"nowrap\" datetime=\"2023-06-13\" data-sort-value=\"2023-06-13\">13 juin 2023<\/time><\/span><\/span><\/span><span id=\"Mass\u00e92023\" class=\"ouvrage\"><span id=\"Fabrice_Mass\u00e92023\" class=\"ouvrage\"><\/span><\/span><span id=\"Mass\u00e92023\" class=\"ouvrage\"><span id=\"Fabrice_Mass\u00e92023\" class=\"ouvrage\"><\/span><\/span><\/em><\/li>\n<li><em><span class=\"reference-text\"><span id=\"Mass\u00e92023\" class=\"ouvrage\"><span id=\"Fabrice_Mass\u00e92023\" class=\"ouvrage\"><strong><span style=\"color: #33cccc;\"><cite>La gen\u00e8se singuli\u00e8re du Pont des arts<\/cite><small class=\"cachelinks\">\u00a0[<a style=\"color: #33cccc;\" title=\"archive sur Wikiwix\" href=\"https:\/\/archive.wikiwix.com\/cache\/?url=https%3A%2F%2Fartdeville.fr%2Fla-genese-singuliere-du-pont-des-arts%2F\" target=\"_blank\" rel=\"noopener\">archive<\/a>]<\/small><\/span><\/strong>, Fabrice Mass\u00e9 sur <span class=\"italique\">Art de ville<\/span>,\u00a0<time>2023<\/time><\/span><\/span><\/span><\/em><span id=\"Mass\u00e92023\" class=\"ouvrage\"><span id=\"Fabrice_Mass\u00e92023\" class=\"ouvrage\"><\/span><\/span><\/li>\n<li><em><em><span class=\"reference-text\"><span class=\"ouvrage\"><span class=\"ouvrage\"><strong><span style=\"color: #33cccc;\"><a class=\"external text\" style=\"color: #33cccc;\" href=\"https:\/\/www.artistes-occitanie.fr\/sur-le-bassin-de-thau-lartiste-setois-jean-denant-realise-une-oeuvre-pour-le-massif-de-la-gardiole\/\" target=\"_blank\" rel=\"nofollow noopener\"><cite>Sur le bassin de Thau, l\u2019artiste s\u00e9tois Jean Denant r\u00e9alise une oeuvre pour le massif de la Gardiole<br \/>\n<\/cite><\/a><\/span><\/strong><\/span><\/span><\/span><\/em><\/em><em><span class=\"reference-text\"><span id=\"Mass\u00e92023\" class=\"ouvrage\"><span id=\"Fabrice_Mass\u00e92023\" class=\"ouvrage\"><cite><\/cite>, Artiste de france Occitanie,\u00a0<time>2025<\/time><\/span><\/span><\/span><\/em><\/li>\n<\/ul>\n<p>[\/vc_column_text][vc_column_text]<\/p>\n<h4 class=\"wp-block-heading\">WEB<\/h4>\n<p><span style=\"color: #339966;\"><strong><span class=\"reference-text\"><a style=\"color: #339966;\" title=\"Liste des ponts de S\u00e8te\" href=\"https:\/\/fr.wikipedia.org\/wiki\/Jean_Denant\" target=\"_blank\" rel=\"noopener\">Jean Denant<\/a><\/span><\/strong><\/span><em> , Wikipedia<\/em><\/p>\n<p><span style=\"color: #339966;\"><strong><span class=\"reference-text\"><a style=\"color: #339966;\" title=\"Liste des ponts de S\u00e8te\" href=\"https:\/\/fr.wikipedia.org\/wiki\/Liste_des_ponts_de_S%C3%A8te\" target=\"_blank\" rel=\"noopener\">\u00a0Liste des ponts de S\u00e8te<\/a><\/span><\/strong><\/span><em> , Wikipedia<\/em><\/p>\n<p><span style=\"color: #339966;\"><strong><span class=\"reference-text\"><span id=\"Santacruz\" class=\"ouvrage\"><span id=\"Roccio_Santacruz\" class=\"ouvrage\">\u00a0\u00ab <\/span><\/span><\/span><span class=\"reference-text\"><span id=\"Santacruz\" class=\"ouvrage\"><span id=\"Roccio_Santacruz\" class=\"ouvrage\"><a class=\"external text\" style=\"color: #339966;\" href=\"https:\/\/rociosantacruz.com\/en\/artistas-rsc\/jean-denant\/\" target=\"_blank\" rel=\"nofollow noopener\"><cite>Jean Denant<\/cite><\/a><\/span><\/span><\/span><span class=\"reference-text\"><span id=\"Santacruz\" class=\"ouvrage\"><span id=\"Roccio_Santacruz\" class=\"ouvrage\">\u00a0\u00bb<\/span><\/span><\/span><\/strong><\/span><em><span class=\"reference-text\"><span id=\"Santacruz\" class=\"ouvrage\"><span id=\"Roccio_Santacruz\" class=\"ouvrage\">, sur Galerie <span class=\"italique\">Roccio ,Santacruz<\/span><\/span><\/span><\/span><\/em><\/p>\n<p><em>Ressource relative\u00a0:\u00a0<span style=\"color: #339966;\"><strong><a class=\"external text\" style=\"color: #339966;\" href=\"https:\/\/www.radiofrance.fr\/recherche?term=jean+denant\" target=\"_blank\" rel=\"nofollow noopener\">Radio France<\/a>,\u00a0<a class=\"external text\" style=\"color: #339966;\" href=\"https:\/\/ddaoccitanie.org\/fr\/artistes\/jean-denant\/cv\" target=\"_blank\" rel=\"nofollow noopener\">Documents d&rsquo;artiste d&rsquo;occitanie<\/a><small class=\"cachelinks\">\u00a0<\/small><\/strong><\/span><\/em><\/p>\n<p>[\/vc_column_text][\/vc_column][\/vc_row]<\/p>\n","protected":false},"excerpt":{"rendered":"<p>[vc_row][vc_column][vc_column_text] OUVRAGES \u00ab\u00a0JEAN DENANT\u00a0\u00bb, Arles, Edition Analogues,\u00a02016, 181\u00a0p.\u00a0(ISBN\u00a0978-2-35864-099-2) \u00ab\u00a0JEAN DENANT L&rsquo;AUTRE MER\u00a0\u00bb, Tielt, Lannoo,\u00a02018, 124\u00a0p.\u00a0(ISBN\u00a09789401452571) [\/vc_column_text][vc_column_text] PRESSE \u00a0Jean Denant :<\/p>\n","protected":false},"author":1,"featured_media":0,"parent":0,"menu_order":0,"comment_status":"closed","ping_status":"closed","template":"","meta":{"footnotes":""},"class_list":["post-4695","page","type-page","status-publish","format-standard","hentry"],"yoast_head":"<!-- This site is optimized with the Yoast SEO plugin v26.7 - https:\/\/yoast.com\/wordpress\/plugins\/seo\/ -->\n<title>MEDIA - PRESSE - Jean Denant Studio<\/title>\n<meta name=\"robots\" content=\"index, follow, max-snippet:-1, max-image-preview:large, max-video-preview:-1\" \/>\n<link rel=\"canonical\" href=\"https:\/\/jeandenantstudio.com\/index.php\/test\/\" \/>\n<meta property=\"og:locale\" content=\"fr_FR\" \/>\n<meta property=\"og:type\" content=\"article\" \/>\n<meta property=\"og:title\" content=\"MEDIA - PRESSE - Jean Denant Studio\" \/>\n<meta property=\"og:description\" content=\"[vc_row][vc_column][vc_column_text] OUVRAGES \u00ab\u00a0JEAN DENANT\u00a0\u00bb, Arles, Edition Analogues,\u00a02016, 181\u00a0p.\u00a0(ISBN\u00a0978-2-35864-099-2) \u00ab\u00a0JEAN DENANT L&rsquo;AUTRE MER\u00a0\u00bb, Tielt, Lannoo,\u00a02018, 124\u00a0p.\u00a0(ISBN\u00a09789401452571) [\/vc_column_text][vc_column_text] PRESSE \u00a0Jean Denant :\" \/>\n<meta property=\"og:url\" content=\"https:\/\/jeandenantstudio.com\/index.php\/test\/\" \/>\n<meta property=\"og:site_name\" content=\"Jean Denant Studio\" \/>\n<meta property=\"article:modified_time\" content=\"2025-10-22T09:43:33+00:00\" \/>\n<meta name=\"twitter:card\" content=\"summary_large_image\" \/>\n<meta name=\"twitter:label1\" content=\"Dur\u00e9e de lecture estim\u00e9e\" \/>\n\t<meta name=\"twitter:data1\" content=\"2 minutes\" \/>\n<script type=\"application\/ld+json\" class=\"yoast-schema-graph\">{\"@context\":\"https:\/\/schema.org\",\"@graph\":[{\"@type\":\"WebPage\",\"@id\":\"https:\/\/jeandenantstudio.com\/index.php\/test\/\",\"url\":\"https:\/\/jeandenantstudio.com\/index.php\/test\/\",\"name\":\"MEDIA - PRESSE - Jean Denant Studio\",\"isPartOf\":{\"@id\":\"https:\/\/jeandenantstudio.com\/#website\"},\"datePublished\":\"2025-10-17T18:49:57+00:00\",\"dateModified\":\"2025-10-22T09:43:33+00:00\",\"breadcrumb\":{\"@id\":\"https:\/\/jeandenantstudio.com\/index.php\/test\/#breadcrumb\"},\"inLanguage\":\"fr-FR\",\"potentialAction\":[{\"@type\":\"ReadAction\",\"target\":[\"https:\/\/jeandenantstudio.com\/index.php\/test\/\"]}]},{\"@type\":\"BreadcrumbList\",\"@id\":\"https:\/\/jeandenantstudio.com\/index.php\/test\/#breadcrumb\",\"itemListElement\":[{\"@type\":\"ListItem\",\"position\":1,\"name\":\"Accueil\",\"item\":\"https:\/\/jeandenantstudio.com\/\"},{\"@type\":\"ListItem\",\"position\":2,\"name\":\"MEDIA &#8211; PRESSE\"}]},{\"@type\":\"WebSite\",\"@id\":\"https:\/\/jeandenantstudio.com\/#website\",\"url\":\"https:\/\/jeandenantstudio.com\/\",\"name\":\"Jean Denant Studio\",\"description\":\"Site officiel. Artiste multidisciplinaire qui navigue entre peinture, design, architecture, et sculpture.\",\"publisher\":{\"@id\":\"https:\/\/jeandenantstudio.com\/#\/schema\/person\/cadeb85b41c70f4731c0b07d841fba10\"},\"potentialAction\":[{\"@type\":\"SearchAction\",\"target\":{\"@type\":\"EntryPoint\",\"urlTemplate\":\"https:\/\/jeandenantstudio.com\/?s={search_term_string}\"},\"query-input\":{\"@type\":\"PropertyValueSpecification\",\"valueRequired\":true,\"valueName\":\"search_term_string\"}}],\"inLanguage\":\"fr-FR\"},{\"@type\":[\"Person\",\"Organization\"],\"@id\":\"https:\/\/jeandenantstudio.com\/#\/schema\/person\/cadeb85b41c70f4731c0b07d841fba10\",\"name\":\"Jean Denant\",\"image\":{\"@type\":\"ImageObject\",\"inLanguage\":\"fr-FR\",\"@id\":\"https:\/\/jeandenantstudio.com\/#\/schema\/person\/image\/\",\"url\":\"https:\/\/jeandenantstudio.com\/wp-content\/uploads\/2022\/09\/SANS-TITRE-scaled.jpeg\",\"contentUrl\":\"https:\/\/jeandenantstudio.com\/wp-content\/uploads\/2022\/09\/SANS-TITRE-scaled.jpeg\",\"width\":2560,\"height\":1920,\"caption\":\"Jean Denant\"},\"logo\":{\"@id\":\"https:\/\/jeandenantstudio.com\/#\/schema\/person\/image\/\"},\"sameAs\":[\"http:\/\/jeandenantstudio.com\",\"https:\/\/www.instagram.com\/jeandenantstudio\/?hl=fr\"]}]}<\/script>\n<!-- \/ Yoast SEO plugin. -->","yoast_head_json":{"title":"MEDIA - PRESSE - Jean Denant Studio","robots":{"index":"index","follow":"follow","max-snippet":"max-snippet:-1","max-image-preview":"max-image-preview:large","max-video-preview":"max-video-preview:-1"},"canonical":"https:\/\/jeandenantstudio.com\/index.php\/test\/","og_locale":"fr_FR","og_type":"article","og_title":"MEDIA - PRESSE - Jean Denant Studio","og_description":"[vc_row][vc_column][vc_column_text] OUVRAGES \u00ab\u00a0JEAN DENANT\u00a0\u00bb, Arles, Edition Analogues,\u00a02016, 181\u00a0p.\u00a0(ISBN\u00a0978-2-35864-099-2) \u00ab\u00a0JEAN DENANT L&rsquo;AUTRE MER\u00a0\u00bb, Tielt, Lannoo,\u00a02018, 124\u00a0p.\u00a0(ISBN\u00a09789401452571) [\/vc_column_text][vc_column_text] PRESSE \u00a0Jean Denant :","og_url":"https:\/\/jeandenantstudio.com\/index.php\/test\/","og_site_name":"Jean Denant Studio","article_modified_time":"2025-10-22T09:43:33+00:00","twitter_card":"summary_large_image","twitter_misc":{"Dur\u00e9e de lecture estim\u00e9e":"2 minutes"},"schema":{"@context":"https:\/\/schema.org","@graph":[{"@type":"WebPage","@id":"https:\/\/jeandenantstudio.com\/index.php\/test\/","url":"https:\/\/jeandenantstudio.com\/index.php\/test\/","name":"MEDIA - PRESSE - Jean Denant Studio","isPartOf":{"@id":"https:\/\/jeandenantstudio.com\/#website"},"datePublished":"2025-10-17T18:49:57+00:00","dateModified":"2025-10-22T09:43:33+00:00","breadcrumb":{"@id":"https:\/\/jeandenantstudio.com\/index.php\/test\/#breadcrumb"},"inLanguage":"fr-FR","potentialAction":[{"@type":"ReadAction","target":["https:\/\/jeandenantstudio.com\/index.php\/test\/"]}]},{"@type":"BreadcrumbList","@id":"https:\/\/jeandenantstudio.com\/index.php\/test\/#breadcrumb","itemListElement":[{"@type":"ListItem","position":1,"name":"Accueil","item":"https:\/\/jeandenantstudio.com\/"},{"@type":"ListItem","position":2,"name":"MEDIA &#8211; PRESSE"}]},{"@type":"WebSite","@id":"https:\/\/jeandenantstudio.com\/#website","url":"https:\/\/jeandenantstudio.com\/","name":"Jean Denant Studio","description":"Site officiel. Artiste multidisciplinaire qui navigue entre peinture, design, architecture, et sculpture.","publisher":{"@id":"https:\/\/jeandenantstudio.com\/#\/schema\/person\/cadeb85b41c70f4731c0b07d841fba10"},"potentialAction":[{"@type":"SearchAction","target":{"@type":"EntryPoint","urlTemplate":"https:\/\/jeandenantstudio.com\/?s={search_term_string}"},"query-input":{"@type":"PropertyValueSpecification","valueRequired":true,"valueName":"search_term_string"}}],"inLanguage":"fr-FR"},{"@type":["Person","Organization"],"@id":"https:\/\/jeandenantstudio.com\/#\/schema\/person\/cadeb85b41c70f4731c0b07d841fba10","name":"Jean Denant","image":{"@type":"ImageObject","inLanguage":"fr-FR","@id":"https:\/\/jeandenantstudio.com\/#\/schema\/person\/image\/","url":"https:\/\/jeandenantstudio.com\/wp-content\/uploads\/2022\/09\/SANS-TITRE-scaled.jpeg","contentUrl":"https:\/\/jeandenantstudio.com\/wp-content\/uploads\/2022\/09\/SANS-TITRE-scaled.jpeg","width":2560,"height":1920,"caption":"Jean Denant"},"logo":{"@id":"https:\/\/jeandenantstudio.com\/#\/schema\/person\/image\/"},"sameAs":["http:\/\/jeandenantstudio.com","https:\/\/www.instagram.com\/jeandenantstudio\/?hl=fr"]}]}},"featured_image_src":"","featured_image_src_square":"","jetpack_sharing_enabled":true,"_links":{"self":[{"href":"https:\/\/jeandenantstudio.com\/index.php\/wp-json\/wp\/v2\/pages\/4695","targetHints":{"allow":["GET"]}}],"collection":[{"href":"https:\/\/jeandenantstudio.com\/index.php\/wp-json\/wp\/v2\/pages"}],"about":[{"href":"https:\/\/jeandenantstudio.com\/index.php\/wp-json\/wp\/v2\/types\/page"}],"author":[{"embeddable":true,"href":"https:\/\/jeandenantstudio.com\/index.php\/wp-json\/wp\/v2\/users\/1"}],"replies":[{"embeddable":true,"href":"https:\/\/jeandenantstudio.com\/index.php\/wp-json\/wp\/v2\/comments?post=4695"}],"version-history":[{"count":50,"href":"https:\/\/jeandenantstudio.com\/index.php\/wp-json\/wp\/v2\/pages\/4695\/revisions"}],"predecessor-version":[{"id":4753,"href":"https:\/\/jeandenantstudio.com\/index.php\/wp-json\/wp\/v2\/pages\/4695\/revisions\/4753"}],"wp:attachment":[{"href":"https:\/\/jeandenantstudio.com\/index.php\/wp-json\/wp\/v2\/media?parent=4695"}],"curies":[{"name":"wp","href":"https:\/\/api.w.org\/{rel}","templated":true}]}}