{"id":1599,"date":"2017-03-10T13:05:22","date_gmt":"2017-03-10T12:05:22","guid":{"rendered":"http:\/\/prague.foxthemes.me\/?page_id=1599"},"modified":"2026-01-15T10:37:50","modified_gmt":"2026-01-15T09:37:50","slug":"home","status":"publish","type":"page","link":"https:\/\/jeandenantstudio.com\/","title":{"rendered":"Home"},"content":{"rendered":"<p>[vc_row full_width=\u00a0\u00bbstretch_row_content_no_spaces\u00a0\u00bb][vc_column][minimal_slider autoplay=\u00a0\u00bb5&Prime;][minimal_slider_items subtitle=\u00a0\u00bbFondation Carmignac\u00a0\u00bb title=\u00a0\u00bb\u00ab\u00a0LA TRAVERSEE\u00ab\u00a0\u00a0\u00bb button=\u00a0\u00bburl:https%3A%2F%2Fjeandenantstudio.com%2Findex.php%2Fprojects-item%2Fla-traversee-fondation-carmignac%2F|title:Projet\u00a0\u00bb style_button=\u00a0\u00bbcreative\u00a0\u00bb image=\u00a0\u00bb2968&Prime;][minimal_slider_items subtitle=\u00a0\u00bbMassif de la Gardiole , Projet B.A.M\u00a0\u00bb title=\u00a0\u00bb\u00ab\u00a0Pergola\u00ab\u00a0\u00a0\u00bb button=\u00a0\u00bburl:https%3A%2F%2Fjeandenantstudio.com%2Findex.php%2Fprojects-item%2Fpergola%2F|title:Projet|target:_blank\u00a0\u00bb style_button=\u00a0\u00bbcreative\u00a0\u00bb image=\u00a0\u00bb4786&Prime;][minimal_slider_items subtitle=\u00a0\u00bbContre plaqu\u00e9 film\u00e9 grav\u00e9 &#8211; 5mx2,5m &#8211; Collection priv\u00e9e\u00a0\u00bb title=\u00a0\u00bb\u00ab\u00a0Fondation\u00ab\u00a0 (XL)\u00a0\u00bb button=\u00a0\u00bburl:https%3A%2F%2Fjeandenantstudio.com%2Findex.php%2Fprojects-item%2Fforets%2F|title:Projet|target:_blank\u00a0\u00bb style_button=\u00a0\u00bbcreative\u00a0\u00bb image=\u00a0\u00bb3056&Prime;][minimal_slider_items subtitle=\u00a0\u00bbVille de S\u00e8te\u00a0\u00bb title=\u00a0\u00bb\u00ab\u00a0Le Pont des Arts\u00ab\u00a0\u00a0\u00bb button=\u00a0\u00bburl:https%3A%2F%2Fjeandenantstudio.com%2Findex.php%2Fexihibitions-item%2Fpont-des-arts-sete-2023%2F|title:Projet|target:_blank\u00a0\u00bb image=\u00a0\u00bb4268&Prime;][minimal_slider_items subtitle=\u00a0\u00bbParc r\u00e9gional du Haut Languedoc\u00a0\u00bb title=\u00a0\u00bb\u00ab\u00a0A VOIX BASSE\u00ab\u00a0\u00a0\u00bb button=\u00a0\u00bburl:https%3A%2F%2Fjeandenantstudio.com%2Findex.php%2Fprojects-item%2Fa-voix-basse%2F|title:Projet|target:_blank\u00a0\u00bb image=\u00a0\u00bb4506&Prime;][minimal_slider_items subtitle=\u00a0\u00bbBarcelona\u00a0\u00bb title=\u00a0\u00bb\u00ab\u00a0Mappemonde\u00ab\u00a0\u00a0\u00bb button=\u00a0\u00bburl:https%3A%2F%2Fjeandenantstudio.com%2Findex.php%2Fprojects-item%2Fswab-art-fair-solo-show%2F|title:Projet\u00a0\u00bb style_button=\u00a0\u00bbcreative\u00a0\u00bb image=\u00a0\u00bb3416&Prime;][minimal_slider_items subtitle=\u00a0\u00bbLieux communs &#8211; Toulouse\u00a0\u00bb title=\u00a0\u00bb\u00ab\u00a0CARTOGRAPHIE DES PROCESSUS\u00ab\u00a0\u00a0\u00bb button=\u00a0\u00bburl:https%3A%2F%2Fjeandenantstudio.com%2Findex.php%2Fprojects-item%2Fdu-temps-a-louvrage%2F|title:Projet\u00a0\u00bb style_button=\u00a0\u00bbcreative\u00a0\u00bb image=\u00a0\u00bb3197&Prime;][minimal_slider_items subtitle=\u00a0\u00bbGalerie Anne de Villepoix, Paris\u00a0\u00bb title=\u00a0\u00bb\u00ab\u00a0BORDERS\u00ab\u00a0\u00a0\u00bb button=\u00a0\u00bburl:https%3A%2F%2Fjeandenantstudio.com%2Findex.php%2Fprojects-item%2Fborders%2F|title:Projet\u00a0\u00bb style_button=\u00a0\u00bbcreative\u00a0\u00bb image=\u00a0\u00bb3119&Prime;][minimal_slider_items subtitle=\u00a0\u00bb\u00ab\u00a0DU ROCHER SOURIANT JUSQU&rsquo;AU CIEL UN CONTINENT COMMENCE\u00ab\u00a0\u00a0\u00bb title=\u00a0\u00bbCh\u00e2teau vert\u00a0\u00bb button=\u00a0\u00bburl:https%3A%2F%2Fjeandenantstudio.com%2Findex.php%2Fprojects-item%2Ffiac-project-paris%2F|title:Projet\u00a0\u00bb style_button=\u00a0\u00bbcreative\u00a0\u00bb image=\u00a0\u00bb4481&Prime;][\/minimal_slider][\/vc_column][\/vc_row][vc_row][vc_column][vc_row_inner][vc_column_inner width=\u00a0\u00bb1\/2&Prime;][vc_headings title=\u00a0\u00bbArtiste multidisciplinaire qui navigue entre Peinture, Design, Architecture, et Sculpture.\u00a0\u00bb heading_size=\u00a0\u00bbh3&Prime; subtitle=\u00a0\u00bbBIO\u00a0\u00bb enable_divider=\u00a0\u00bbtrue\u00a0\u00bb content_divider=\u00a0\u00bbtrue\u00a0\u00bb enable_animated=\u00a0\u00bbtrue\u00a0\u00bb][\/vc_headings][vc_single_image image=\u00a0\u00bb3021&Prime; img_size=\u00a0\u00bbfull\u00a0\u00bb style=\u00a0\u00bbvc_box_rounded\u00a0\u00bb css_animation=\u00a0\u00bbfadeIn\u00a0\u00bb][\/vc_column_inner][vc_column_inner width=\u00a0\u00bb1\/2&Prime;][vc_separator][vc_column_text css_animation=\u00a0\u00bbfadeIn\u00a0\u00bb css=\u00a0\u00bb.vc_custom_1713433177272{margin-bottom: 30px !important;}\u00a0\u00bb]<em>(FR)<\/em><\/p>\n<p>N\u00e9 en 1979, Jean Denant vit et travaille \u00e0 S\u00e8te. Dipl\u00f4m\u00e9 des Arts Appliqu\u00e9s et de l\u2019\u00e9cole des Beaux-Arts de Toulouse, il a \u00e9t\u00e9 repr\u00e9sent\u00e9 pendant plusieurs ann\u00e9es par la galerie Anne de Villepoix \u00e0 Paris et actuellement par la galerie Rocio Santa Cruz de Barcelone. Aux fronti\u00e8res de la peinture, de l&rsquo;architecture, du design ou encore de la sculpture , il d\u00e9veloppe une pratique plurielle posant la question des mat\u00e9riaux, des gestes laborieux et des identit\u00e9s. Son travail est aujourd&rsquo;hui largement diffus\u00e9 en France et \u00e0 l\u2019\u00e9tranger avec des expositions personnelles et collectives \u00e0 Paris, Berlin, Bruxelles, Barcelone, Gen\u00e8ve et sur la sc\u00e8ne artistique de la jeune cr\u00e9ation internationale avec des projets en Russie, en Chine, au Venezuela, aux Emirats Arabes unis, en Cor\u00e9e, aux Etats-Unis.Il est pr\u00e9sent sur les grands \u00e9v\u00e8nements internationaux comme la FIAC \u00e0 Paris, l\u2019ARCO de Madrid , ART Brussels.. Il fait partie de nombreuses collections prestigieuses publiques et priv\u00e9es telles que La Fondation Carmignac, le royaume de Belgique, la Fondation Liedts-Messen, le FRAC Languedoc Roussillon, la Fondation Villa Datris notamment. Son \u0153uvre \u00ab\u00a0Mare Nostrum\u00a0\u00bb a \u00e9t\u00e9 choisie par la Pr\u00e9sidence de la R\u00e9publique Fran\u00e7aise comme cadeau diplomatique \u00e0 Sa Majest\u00e9 Mohammed VI Roi du Maroc, en marge de la Cop22 en 2016 \u00e0 Marrakech. En 2024 il r\u00e9alise le 21\u00e8me pont de la ville de S\u00e8te, \u00abLe pont des Arts\u00bb[\/vc_column_text][\/vc_column_inner][\/vc_row_inner][vc_row_inner css=\u00a0\u00bb.vc_custom_1657895841988{margin-top: 50px !important;}\u00a0\u00bb][vc_column_inner width=\u00a0\u00bb1\/2&Prime;][\/vc_column_inner][vc_column_inner width=\u00a0\u00bb1\/2&Prime;][\/vc_column_inner][\/vc_row_inner][\/vc_column][\/vc_row][vc_row css_animation=\u00a0\u00bbfadeIn\u00a0\u00bb desctop_mt=\u00a0\u00bbmargin-lg-30t\u00a0\u00bb tablets_mt=\u00a0\u00bbmargin-sm-20t\u00a0\u00bb][vc_column][vc_headings title=\u00a0\u00bbWORKS\u00a0\u00bb subtitle=\u00a0\u00bb\u0152uvres &#8211; Expositions &#8211; Art fairs\u00a0\u00bb][\/vc_headings][vc_projects_posts templates=\u00a0\u00bbexhibition_grid\u00a0\u00bb post_type=\u00a0\u00bbprojects\u00a0\u00bb total_columns=\u00a0\u00bbprague_count_col3&Prime; enable_load_more=\u00a0\u00bbtrue\u00a0\u00bb filter_type=\u00a0\u00bbyear\u00a0\u00bb orderby=\u00a0\u00bbdate\u00a0\u00bb button_link_class=\u00a0\u00bbprague-services-link a-btn-2 simple\u00a0\u00bb button_span_class=\u00a0\u00bba-btn-line\u00a0\u00bb posts_per_page=\u00a0\u00bb12&Prime; pix_filter=\u00a0\u00bbyear\u00a0\u00bb][\/vc_column][\/vc_row][vc_row content_placement=\u00a0\u00bbmiddle\u00a0\u00bb desctop_mt=\u00a0\u00bbmargin-lg-0t\u00a0\u00bb][vc_column][vc_row_inner][vc_column_inner][vc_headings title=\u00a0\u00bbACTUS\u00a0\u00bb subtitle=\u00a0\u00bbEv\u00e8nements &#8211; Expos &#8211; Presse &#8211; Oeuvres\u00a0\u00bb][\/vc_headings][vc_projects_posts templates=\u00a0\u00bbmasonry\u00a0\u00bb post_type=\u00a0\u00bbexihibitions\u00a0\u00bb total_columns=\u00a0\u00bbprague_count_col4&Prime; enable_load_more=\u00a0\u00bbtrue\u00a0\u00bb filter_type=\u00a0\u00bblocation\u00a0\u00bb button_link_class=\u00a0\u00bbprague-services-link a-btn-2 simple\u00a0\u00bb button_span_class=\u00a0\u00bba-btn-line\u00a0\u00bb posts_per_page=\u00a0\u00bb50&Prime;][\/vc_column_inner][\/vc_row_inner][\/vc_column][\/vc_row][vc_row desctop_mt=\u00a0\u00bbmargin-lg-10t\u00a0\u00bb desctop_mb=\u00a0\u00bbmargin-lg-145b\u00a0\u00bb tablets_mb=\u00a0\u00bbmargin-sm-70b\u00a0\u00bb][vc_column][vc_headings title=\u00a0\u00bbILS EN PARLENT\u00a0\u00bb subtitle=\u00a0\u00bbTEXTES\u00a0\u00bb][\/vc_headings][vc_testimonials autoplay=\u00a0\u00bb3000&Prime; speed=\u00a0\u00bb6000&Prime; loop=\u00a0\u00bbtrue\u00a0\u00bb][vc_testimonials_items name=\u00a0\u00bbRUDY RICCIOTTI\u00a0\u00bb description=\u00a0\u00bbJean Denant ne navigue pas \u00e0 vue. Officier de grande mer, remorqueur de haute m\u00e9moire, manoeuvrier de cuirass\u00e9, il est expert en syst\u00e8me d\u2019armes. L\u2019artillerie marine n\u2019est pas une discipline de p\u00e9dales. Espaces r\u00e9duits, temp\u00e9rature \u00e9lev\u00e9es, prises de risque maximum. Tu encaisses autant que tu donnes. L\u2019\u00e9preuve du courage appelle un prix m\u00e9thaphysique \u00e0 payer. Denant paye Cash! La transpiration politique en est la cons\u00e9quence. Jean Denant cartonne le r\u00e9el et coule la M\u00e9diterran\u00e9e remord et mauvaise conscience. Il est ce combattant s\u00e9rieux et rare absent de ces temps comiques et navrants. Jean Denant does not navigate by sight. Officer of the great sea, tugboat of the high memory, boatswain of the battleship, he is an expert in weapon systems. Marine artillery is not an easy field. Reduced spaces, high temperatures, maximum risk factor. You have to resist as much as you give. The test of courage requires you to pay a metaphysical price. Denant pays Cash! Political sweat is the consequence. Jean Denant collides with reality and sinks the Mediterranean, with regret and a guilty conscience. He is this serious fighter, rarely absent in these sad and comic times.\u00a0\u00bb][vc_testimonials_items name=\u00a0\u00bbFABIENNE GENDRE\u00a0\u00bb description=\u00a0\u00bb\u00ab\u00a0Une exposition de Jean Denant tient \u00e0 la fois du chantier de construction et du cabinet d\u2019architecte,d\u2019un lieu o\u00f9 se con\u00e7oit et se construit un objet&#8230;\u00ab\u00a0\u00ab\u00a0][vc_testimonials_items name=\u00a0\u00bbLEA BISMUTH\u00a0\u00bb description=\u00a0\u00bb\u00ab\u00a0Jean Denant entame des chantiers, met en place des situations, ouvre des failles. Aux fronti\u00e8res de la peinture, de l\u2019architecture, du design ou encore de la sculpture, il d\u00e9veloppe une pratique plurielle posant la question des mat\u00e9riaux, des gestes laborieux et des identit\u00e9s.\u00ab\u00a0\u00ab\u00a0][vc_testimonials_items name=\u00a0\u00bbSOLENNE BERTRAND\u00a0\u00bb description=\u00a0\u00bb\u00ab\u00a0Le travail de Jean Denant interroge l&rsquo;humain \u00e0 partir de l&rsquo;architecture. Consid\u00e9rant que celle-ci mod\u00e8le le monde dans lequel les \u00eatres \u00e9voluent, c&rsquo;est par le prisme du geste cr\u00e9atif que l\u2019artiste interroge la nature humaine. L&rsquo;architecture est une proposition contemporaine pour traiter du r\u00e9el, pour essayer de l&rsquo;appr\u00e9hender et ainsi orienter le monde. Mais, dans les \u0153uvres de Jean Denant, l&rsquo;architecture, c&rsquo;est bien plus, c&rsquo;est une m\u00e9taphore po\u00e9tique et philosophique pour parler de l&rsquo;\u00e9tat du monde. B\u00e2timent ou histoire humaine, tout est affaire de construction. C&rsquo;est ainsi \u00e0 une tentative de construction-d\u00e9construction que nous convie l&rsquo;artiste.\u00ab\u00a0\u00ab\u00a0][vc_testimonials_items name=\u00a0\u00bbMANUEL POMAR\u00a0\u00bb description=\u00a0\u00bb\u00ab\u00a0De la grande \u00e0 la petite histoire, Jean Denant choisit ses sujets avec pr\u00e9cision. Il fabrique des images, les construits patiemment jusqu&rsquo;\u00e0 parvenir \u00e0 la repr\u00e9sentation de paysages urbains, d&rsquo;\u00eatres humains et d&rsquo;objets. Il utilise des mat\u00e9riaux du b\u00e2timent, dont il d\u00e9tourne l&rsquo;usage. Il peint et creuse le placopl\u00e2tre, imprime sur le pl\u00e2tre. Ces mati\u00e8res, habituellement appr\u00e9ci\u00e9es pour leur facilit\u00e9 de mise en \u0153uvre sont peu adapt\u00e9es pour traverser les si\u00e8cles. L\u00e0 est tout le paradoxe de l&rsquo;\u0153uvre de l&rsquo;artiste.\u00ab\u00a0\u00ab\u00a0][vc_testimonials_items name=\u00a0\u00bbGERARD TRAQUANDI Pr\u00e9sident du 5 \u00e8me prix CCIMP\u00a0\u00bb description=\u00a0\u00bb\u00ab\u00a0Cette question de l\u2019illusion, Jean Denant la pose Formellement: Un planisph\u00e8re repr\u00e9sente nos continents forc\u00e9ment \u00e0 une \u00e9chelle r\u00e9duite. Nous nous retrouvons devant une image cod\u00e9e au plus haut point. Une repr\u00e9sentation connue et reconnue, dont le statut ne fait aucun doute. Mais alors que penser des d\u00e9bris jonchant le sol? Ils sont tout autant le fruit de la fabrication de cette image, celui d\u2019une action. Alors, \u00e0 leur tour, doivent-ils \u00eatre consid\u00e9r\u00e9s comme une image ou bien sont-ils redevenus mati\u00e8res premi\u00e8res?\u00ab\u00a0\u00ab\u00a0][vc_testimonials_items name=\u00a0\u00bbPHILIPPE SAULLE (directeur de l&rsquo;ecole des beau art de S\u00e8te)\u00a0\u00bb description=\u00a0\u00bb\u00ab\u00a0Le long de la route qui m\u00e8ne du Th\u00e9\u00e2tre de la Mer au quartier de la Corniche on devine un blockhaus, juste un seul pan de mur de b\u00e9ton envahi par les asphod\u00e8les ou coiff\u00e9 d\u2019agaves en fleur. Un long mur brut, \u00e9pais, qui a conserv\u00e9 les empreintes des planches de chantier, fait dans l\u2019urgence,comme on l\u2019a fait plus tard des immeubles aux p\u00e9riph\u00e9ries des grandes villes. Il est \u00e0 peine visible. Abandonn\u00e9, m\u00e9pris\u00e9, il a souvent servi de support d\u2019affichages sauvages. Il guette la mer de ses yeux gris aujourd\u2019hui aveugles. C\u2019\u00e9tait sa fonction, au creux du Golfe du Lion, de surveiller la grande bleue&#8230;\u00ab\u00a0\u00ab\u00a0][vc_testimonials_items name=\u00a0\u00bbCLAIRE MIGRAINE\u00a0\u00bb description=\u00a0\u00bb\u00ab\u00a0Bien souvent dans le travail de Jean Denant, forme et sens sont inextricablement li\u00e9s. Il choisit ici de peindre, dessiner,gratter, recouvrir, empl\u00e2trer, scotcher, des feuilles de Placoplatre. Leur usage en tant qu\u2019\u00e9l\u00e9ment de construction n\u2019est pas compl\u00e8tement abandonn\u00e9, car c\u2019est bien ce support qui permet \u00e0 l\u2019architecture repr\u00e9sent\u00e9e de tenir debout&#8230;\u00ab\u00a0\u00ab\u00a0][vc_testimonials_items name=\u00a0\u00bbCONSTANCE MORETEAU\u00a0\u00bb description=\u00a0\u00bb\u00ab\u00a0Jean Denant travaille in situ. C\u2019est un leitmotiv. Au vu de l\u2019histoire de ce topos, r\u00e9actualis\u00e9 sans cesse depuis le d\u00e9but des ann\u00e9es 1960, les r\u00e9alisations qui en d\u00e9coulent apparaissent plus ou moins attendues chez ce jeune artiste dipl\u00f4m\u00e9 de l\u2019\u00e9cole sup\u00e9rieure des beaux-arts de Toulouse. Certains de ses sujets de pr\u00e9dilection comme l\u2019urbanisme, le graffiti, les interventions dans des espaces r\u00e9habilit\u00e9s, l\u2019\u00e9ph\u00e9m\u00e8re font largement \u00e9cho \u00e0 cette constituante fondamentale de l\u2019art contemporain. Une partie plus petite de son corpus marqu\u00e9e par des allusions \u00e0 la peinture de chevalet et combin\u00e9es \u00e0 la repr\u00e9sentation de figures humaines ouvrent \u00e0 l\u2019in situ des territoires apparemment plus intimistes.\u00ab\u00a0\u00ab\u00a0][\/vc_testimonials][\/vc_column][\/vc_row]<\/p>\n","protected":false},"excerpt":{"rendered":"<p>[vc_row full_width=\u00a0\u00bbstretch_row_content_no_spaces\u00a0\u00bb][vc_column][minimal_slider autoplay=\u00a0\u00bb5&Prime;][minimal_slider_items subtitle=\u00a0\u00bbFondation Carmignac\u00a0\u00bb title=\u00a0\u00bb\u00ab\u00a0LA TRAVERSEE\u00ab\u00a0\u00a0\u00bb button=\u00a0\u00bburl:https%3A%2F%2Fjeandenantstudio.com%2Findex.php%2Fprojects-item%2Fla-traversee-fondation-carmignac%2F|title:Projet\u00a0\u00bb style_button=\u00a0\u00bbcreative\u00a0\u00bb image=\u00a0\u00bb2968&Prime;][minimal_slider_items subtitle=\u00a0\u00bbMassif de la Gardiole , Projet B.A.M\u00a0\u00bb title=\u00a0\u00bb\u00ab\u00a0Pergola\u00ab\u00a0\u00a0\u00bb button=\u00a0\u00bburl:https%3A%2F%2Fjeandenantstudio.com%2Findex.php%2Fprojects-item%2Fpergola%2F|title:Projet|target:_blank\u00a0\u00bb style_button=\u00a0\u00bbcreative\u00a0\u00bb<\/p>\n","protected":false},"author":1,"featured_media":0,"parent":0,"menu_order":0,"comment_status":"closed","ping_status":"closed","template":"","meta":{"footnotes":""},"class_list":["post-1599","page","type-page","status-publish","format-standard","hentry"],"yoast_head":"<!-- This site is optimized with the Yoast SEO plugin v26.7 - https:\/\/yoast.com\/wordpress\/plugins\/seo\/ -->\n<title>Home - Jean Denant Studio<\/title>\n<meta name=\"robots\" content=\"index, follow, max-snippet:-1, max-image-preview:large, max-video-preview:-1\" \/>\n<link rel=\"canonical\" href=\"https:\/\/jeandenantstudio.com\/\" \/>\n<meta property=\"og:locale\" content=\"fr_FR\" \/>\n<meta property=\"og:type\" content=\"article\" \/>\n<meta property=\"og:title\" content=\"Home - Jean Denant Studio\" \/>\n<meta property=\"og:description\" content=\"[vc_row full_width=\u00a0\u00bbstretch_row_content_no_spaces\u00a0\u00bb][vc_column][minimal_slider autoplay=\u00a0\u00bb5&Prime;][minimal_slider_items subtitle=\u00a0\u00bbFondation Carmignac\u00a0\u00bb title=\u00a0\u00bb\u00ab\u00a0LA TRAVERSEE\u00ab\u00a0\u00a0\u00bb button=\u00a0\u00bburl:https%3A%2F%2Fjeandenantstudio.com%2Findex.php%2Fprojects-item%2Fla-traversee-fondation-carmignac%2F|title:Projet\u00a0\u00bb style_button=\u00a0\u00bbcreative\u00a0\u00bb image=\u00a0\u00bb2968&Prime;][minimal_slider_items subtitle=\u00a0\u00bbMassif de la Gardiole , Projet B.A.M\u00a0\u00bb title=\u00a0\u00bb\u00ab\u00a0Pergola\u00ab\u00a0\u00a0\u00bb button=\u00a0\u00bburl:https%3A%2F%2Fjeandenantstudio.com%2Findex.php%2Fprojects-item%2Fpergola%2F|title:Projet|target:_blank\u00a0\u00bb style_button=\u00a0\u00bbcreative\u00a0\u00bb\" \/>\n<meta property=\"og:url\" content=\"https:\/\/jeandenantstudio.com\/\" \/>\n<meta property=\"og:site_name\" content=\"Jean Denant Studio\" \/>\n<meta property=\"article:modified_time\" content=\"2026-01-15T09:37:50+00:00\" \/>\n<meta name=\"twitter:card\" content=\"summary_large_image\" \/>\n<meta name=\"twitter:label1\" content=\"Dur\u00e9e de lecture estim\u00e9e\" \/>\n\t<meta name=\"twitter:data1\" content=\"9 minutes\" \/>\n<script type=\"application\/ld+json\" class=\"yoast-schema-graph\">{\"@context\":\"https:\/\/schema.org\",\"@graph\":[{\"@type\":\"WebPage\",\"@id\":\"https:\/\/jeandenantstudio.com\/\",\"url\":\"https:\/\/jeandenantstudio.com\/\",\"name\":\"Home - Jean Denant Studio\",\"isPartOf\":{\"@id\":\"https:\/\/jeandenantstudio.com\/#website\"},\"datePublished\":\"2017-03-10T12:05:22+00:00\",\"dateModified\":\"2026-01-15T09:37:50+00:00\",\"breadcrumb\":{\"@id\":\"https:\/\/jeandenantstudio.com\/#breadcrumb\"},\"inLanguage\":\"fr-FR\",\"potentialAction\":[{\"@type\":\"ReadAction\",\"target\":[\"https:\/\/jeandenantstudio.com\/\"]}]},{\"@type\":\"BreadcrumbList\",\"@id\":\"https:\/\/jeandenantstudio.com\/#breadcrumb\",\"itemListElement\":[{\"@type\":\"ListItem\",\"position\":1,\"name\":\"Accueil\",\"item\":\"https:\/\/jeandenantstudio.com\/\"},{\"@type\":\"ListItem\",\"position\":2,\"name\":\"Home\"}]},{\"@type\":\"WebSite\",\"@id\":\"https:\/\/jeandenantstudio.com\/#website\",\"url\":\"https:\/\/jeandenantstudio.com\/\",\"name\":\"Jean Denant Studio\",\"description\":\"Site officiel. Artiste multidisciplinaire qui navigue entre peinture, design, architecture, et sculpture.\",\"publisher\":{\"@id\":\"https:\/\/jeandenantstudio.com\/#\/schema\/person\/cadeb85b41c70f4731c0b07d841fba10\"},\"potentialAction\":[{\"@type\":\"SearchAction\",\"target\":{\"@type\":\"EntryPoint\",\"urlTemplate\":\"https:\/\/jeandenantstudio.com\/?s={search_term_string}\"},\"query-input\":{\"@type\":\"PropertyValueSpecification\",\"valueRequired\":true,\"valueName\":\"search_term_string\"}}],\"inLanguage\":\"fr-FR\"},{\"@type\":[\"Person\",\"Organization\"],\"@id\":\"https:\/\/jeandenantstudio.com\/#\/schema\/person\/cadeb85b41c70f4731c0b07d841fba10\",\"name\":\"Jean Denant\",\"image\":{\"@type\":\"ImageObject\",\"inLanguage\":\"fr-FR\",\"@id\":\"https:\/\/jeandenantstudio.com\/#\/schema\/person\/image\/\",\"url\":\"https:\/\/jeandenantstudio.com\/wp-content\/uploads\/2022\/09\/SANS-TITRE-scaled.jpeg\",\"contentUrl\":\"https:\/\/jeandenantstudio.com\/wp-content\/uploads\/2022\/09\/SANS-TITRE-scaled.jpeg\",\"width\":2560,\"height\":1920,\"caption\":\"Jean Denant\"},\"logo\":{\"@id\":\"https:\/\/jeandenantstudio.com\/#\/schema\/person\/image\/\"},\"sameAs\":[\"http:\/\/jeandenantstudio.com\",\"https:\/\/www.instagram.com\/jeandenantstudio\/?hl=fr\"]}]}<\/script>\n<!-- \/ Yoast SEO plugin. -->","yoast_head_json":{"title":"Home - Jean Denant Studio","robots":{"index":"index","follow":"follow","max-snippet":"max-snippet:-1","max-image-preview":"max-image-preview:large","max-video-preview":"max-video-preview:-1"},"canonical":"https:\/\/jeandenantstudio.com\/","og_locale":"fr_FR","og_type":"article","og_title":"Home - Jean Denant Studio","og_description":"[vc_row full_width=\u00a0\u00bbstretch_row_content_no_spaces\u00a0\u00bb][vc_column][minimal_slider autoplay=\u00a0\u00bb5&Prime;][minimal_slider_items subtitle=\u00a0\u00bbFondation Carmignac\u00a0\u00bb title=\u00a0\u00bb\u00ab\u00a0LA TRAVERSEE\u00ab\u00a0\u00a0\u00bb button=\u00a0\u00bburl:https%3A%2F%2Fjeandenantstudio.com%2Findex.php%2Fprojects-item%2Fla-traversee-fondation-carmignac%2F|title:Projet\u00a0\u00bb style_button=\u00a0\u00bbcreative\u00a0\u00bb image=\u00a0\u00bb2968&Prime;][minimal_slider_items subtitle=\u00a0\u00bbMassif de la Gardiole , Projet B.A.M\u00a0\u00bb title=\u00a0\u00bb\u00ab\u00a0Pergola\u00ab\u00a0\u00a0\u00bb button=\u00a0\u00bburl:https%3A%2F%2Fjeandenantstudio.com%2Findex.php%2Fprojects-item%2Fpergola%2F|title:Projet|target:_blank\u00a0\u00bb style_button=\u00a0\u00bbcreative\u00a0\u00bb","og_url":"https:\/\/jeandenantstudio.com\/","og_site_name":"Jean Denant Studio","article_modified_time":"2026-01-15T09:37:50+00:00","twitter_card":"summary_large_image","twitter_misc":{"Dur\u00e9e de lecture estim\u00e9e":"9 minutes"},"schema":{"@context":"https:\/\/schema.org","@graph":[{"@type":"WebPage","@id":"https:\/\/jeandenantstudio.com\/","url":"https:\/\/jeandenantstudio.com\/","name":"Home - Jean Denant Studio","isPartOf":{"@id":"https:\/\/jeandenantstudio.com\/#website"},"datePublished":"2017-03-10T12:05:22+00:00","dateModified":"2026-01-15T09:37:50+00:00","breadcrumb":{"@id":"https:\/\/jeandenantstudio.com\/#breadcrumb"},"inLanguage":"fr-FR","potentialAction":[{"@type":"ReadAction","target":["https:\/\/jeandenantstudio.com\/"]}]},{"@type":"BreadcrumbList","@id":"https:\/\/jeandenantstudio.com\/#breadcrumb","itemListElement":[{"@type":"ListItem","position":1,"name":"Accueil","item":"https:\/\/jeandenantstudio.com\/"},{"@type":"ListItem","position":2,"name":"Home"}]},{"@type":"WebSite","@id":"https:\/\/jeandenantstudio.com\/#website","url":"https:\/\/jeandenantstudio.com\/","name":"Jean Denant Studio","description":"Site officiel. Artiste multidisciplinaire qui navigue entre peinture, design, architecture, et sculpture.","publisher":{"@id":"https:\/\/jeandenantstudio.com\/#\/schema\/person\/cadeb85b41c70f4731c0b07d841fba10"},"potentialAction":[{"@type":"SearchAction","target":{"@type":"EntryPoint","urlTemplate":"https:\/\/jeandenantstudio.com\/?s={search_term_string}"},"query-input":{"@type":"PropertyValueSpecification","valueRequired":true,"valueName":"search_term_string"}}],"inLanguage":"fr-FR"},{"@type":["Person","Organization"],"@id":"https:\/\/jeandenantstudio.com\/#\/schema\/person\/cadeb85b41c70f4731c0b07d841fba10","name":"Jean Denant","image":{"@type":"ImageObject","inLanguage":"fr-FR","@id":"https:\/\/jeandenantstudio.com\/#\/schema\/person\/image\/","url":"https:\/\/jeandenantstudio.com\/wp-content\/uploads\/2022\/09\/SANS-TITRE-scaled.jpeg","contentUrl":"https:\/\/jeandenantstudio.com\/wp-content\/uploads\/2022\/09\/SANS-TITRE-scaled.jpeg","width":2560,"height":1920,"caption":"Jean Denant"},"logo":{"@id":"https:\/\/jeandenantstudio.com\/#\/schema\/person\/image\/"},"sameAs":["http:\/\/jeandenantstudio.com","https:\/\/www.instagram.com\/jeandenantstudio\/?hl=fr"]}]}},"featured_image_src":"","featured_image_src_square":"","jetpack_sharing_enabled":true,"_links":{"self":[{"href":"https:\/\/jeandenantstudio.com\/index.php\/wp-json\/wp\/v2\/pages\/1599","targetHints":{"allow":["GET"]}}],"collection":[{"href":"https:\/\/jeandenantstudio.com\/index.php\/wp-json\/wp\/v2\/pages"}],"about":[{"href":"https:\/\/jeandenantstudio.com\/index.php\/wp-json\/wp\/v2\/types\/page"}],"author":[{"embeddable":true,"href":"https:\/\/jeandenantstudio.com\/index.php\/wp-json\/wp\/v2\/users\/1"}],"replies":[{"embeddable":true,"href":"https:\/\/jeandenantstudio.com\/index.php\/wp-json\/wp\/v2\/comments?post=1599"}],"version-history":[{"count":227,"href":"https:\/\/jeandenantstudio.com\/index.php\/wp-json\/wp\/v2\/pages\/1599\/revisions"}],"predecessor-version":[{"id":4840,"href":"https:\/\/jeandenantstudio.com\/index.php\/wp-json\/wp\/v2\/pages\/1599\/revisions\/4840"}],"wp:attachment":[{"href":"https:\/\/jeandenantstudio.com\/index.php\/wp-json\/wp\/v2\/media?parent=1599"}],"curies":[{"name":"wp","href":"https:\/\/api.w.org\/{rel}","templated":true}]}}